{"id":887,"date":"2017-12-23T11:27:55","date_gmt":"2017-12-23T10:27:55","guid":{"rendered":"http:\/\/www.sv-kirchanschoering.de\/?page_id=887"},"modified":"2024-04-24T07:58:41","modified_gmt":"2024-04-24T05:58:41","slug":"vorstand","status":"publish","type":"page","link":"https:\/\/www.sv-kirchanschoering.de\/?page_id=887","title":{"rendered":"Vorstand"},"content":{"rendered":"<p><strong>1. Vorstand<\/strong><\/p>\n<p><strong>Sebastian St\u00f6we<br \/><\/strong>sebastian.stoewe@sv-kirchanschoering.de<br \/>Tel.+49 1728425793<\/p>\n<p><strong>2. Vorstand<\/strong><\/p>\n<p><strong>J\u00fcrgen Hager<\/strong><br \/>juergen.hager@sv-kirchanschoering.de<br \/>Tel. +49 01703435957<\/p>\n<p><strong>3. Vorstand<\/strong><\/p>\n<p><strong>Simon Wadislohner<\/strong><br \/>simon.wadislohner@sv-kirchanschoering.de<br \/>Tel. +49 1723432443<\/p>\n<p style=\"text-align: left;\"><strong>1. Kassier<\/strong><\/p>\n<p><strong>Franziska Hager<\/strong><br \/>franziska.hager@sv-krichanschoering.de<br \/>Tel. +49 1702459180<\/p>\n<p><strong>2. Kassier<br \/>Josef Reschberger<\/strong><br \/>Bannpointstr. 25<br \/>83417 Kirchansch\u00f6ring<br \/>Tel. 08685\/1255<\/p>\n<p><strong>1. Schriftf\u00fchrerin<br \/>Melanie Habl<\/strong><br \/>melanie.habl@sv-kirchanschoering.de<br \/>Tel. +49 0179325003<\/p>\n<p><strong>Beisitzer:<\/strong><\/p>\n<p><strong>B\u00fcrgermeister Hans-J\u00f6rg Birner<\/strong><\/p>\n<p><strong>Beisitzer:<\/strong><\/p>\n<p><strong>2. B\u00fcrgermeister Herbert Babinger<\/strong><\/p>\n\n\n<h2 class=\"wp-block-heading\"><\/h2>\n","protected":false},"excerpt":{"rendered":"<p>1. Vorstand Sebastian St\u00f6wesebastian.stoewe@sv-kirchanschoering.deTel.+49 1728425793 2. Vorstand J\u00fcrgen Hagerjuergen.hager@sv-kirchanschoering.deTel. +49 01703435957 3. Vorstand Simon Wadislohnersimon.wadislohner@sv-kirchanschoering.deTel. +49 1723432443 1. Kassier Franziska Hagerfranziska.hager@sv-krichanschoering.deTel. +49 1702459180 2. KassierJosef ReschbergerBannpointstr. 2583417 Kirchansch\u00f6ringTel. 08685\/1255 1. Schriftf\u00fchrerinMelanie Hablmelanie.habl@sv-kirchanschoering.deTel. +49 0179325003 Beisitzer: B\u00fcrgermeister Hans-J\u00f6rg Birner Beisitzer: 2. B\u00fcrgermeister Herbert Babinger<\/p>\n","protected":false},"author":1,"featured_media":0,"parent":0,"menu_order":1,"comment_status":"closed","ping_status":"closed","template":"","meta":{"footnotes":""},"_links":{"self":[{"href":"https:\/\/www.sv-kirchanschoering.de\/index.php?rest_route=\/wp\/v2\/pages\/887"}],"collection":[{"href":"https:\/\/www.sv-kirchanschoering.de\/index.php?rest_route=\/wp\/v2\/pages"}],"about":[{"href":"https:\/\/www.sv-kirchanschoering.de\/index.php?rest_route=\/wp\/v2\/types\/page"}],"author":[{"embeddable":true,"href":"https:\/\/www.sv-kirchanschoering.de\/index.php?rest_route=\/wp\/v2\/users\/1"}],"replies":[{"embeddable":true,"href":"https:\/\/www.sv-kirchanschoering.de\/index.php?rest_route=%2Fwp%2Fv2%2Fcomments&post=887"}],"version-history":[{"count":24,"href":"https:\/\/www.sv-kirchanschoering.de\/index.php?rest_route=\/wp\/v2\/pages\/887\/revisions"}],"predecessor-version":[{"id":1995,"href":"https:\/\/www.sv-kirchanschoering.de\/index.php?rest_route=\/wp\/v2\/pages\/887\/revisions\/1995"}],"wp:attachment":[{"href":"https:\/\/www.sv-kirchanschoering.de\/index.php?rest_route=%2Fwp%2Fv2%2Fmedia&parent=887"}],"curies":[{"name":"wp","href":"https:\/\/api.w.org\/{rel}","templated":true}]}}